{"id":39,"date":"2019-03-02T00:08:55","date_gmt":"2019-03-01T23:08:55","guid":{"rendered":"https:\/\/auts.teknologforeningen.fi\/?page_id=39"},"modified":"2022-10-18T17:54:20","modified_gmt":"2022-10-18T14:54:20","slug":"vanligaste-fragorna","status":"publish","type":"page","link":"https:\/\/auts.teknologforeningen.fi\/?page_id=39","title":{"rendered":"Vanligaste fr\u00e5gorna"},"content":{"rendered":"\n<h4>Vad \u00e4r ett AUts-projektstipendium?<\/h4>\n\n\n\n<p>Projektstipendier utdelas av AUts till olika projektgrupper f\u00f6r att m\u00f6jligg\u00f6ra utf\u00f6randet av ett projekt.<\/p>\n\n\n\n<h4>Hurdana projekt underst\u00f6der AUts?<\/h4>\n\n\n\n<p>AUts fastst\u00e4ller varje \u00e5r sina utdelningsprinciper, som utskottet sedan anv\u00e4nder f\u00f6r att kunna evaluera huruvida ett projekt kan f\u00e5 ett projektstipendium eller inte. I korthet bygger utdelningsprinciperna p\u00e5 att:<\/p>\n\n\n\n<ul><li>projektet \u00e4r en eng\u00e5ngsf\u00f6reteelse och inte en del av l\u00f6pande verksamhet<\/li><li>projektet gagnar s\u00e5 m\u00e5nga som m\u00f6jligt &#8211; framf\u00f6rallt Teknologf\u00f6reningens medlemmar <\/li><li>projektid\u00e9n \u00e4r ny, innovativ och en god juttu<\/li><\/ul>\n\n\n\n<p>Kolla in v\u00e5rt v\u00e4xande <a href=\"https:\/\/auts.teknologforeningen.fi\/?page_id=21\">projektgalleri<\/a>, f\u00f6r att se tidigare projekt som f\u00e5tt underst\u00f6d.<\/p>\n\n\n\n<h4>Hur kommer vi i kontakt med AUts?<\/h4>\n\n\n\n<p>Enklaste s\u00e4ttet \u00e4r att skicka mail till auts at tf.fi. P\u00e5 <a rel=\"noreferrer noopener\" href=\"https:\/\/medlem.tf.fi\/index.php\/verksamhet\/kommitteer\/60-medlem\/verksamhet\/kommitteer\/195-stipendiekommittens-arbetsutskott\" target=\"_blank\">Teknologf\u00f6reningens medlemsportal<\/a> kan du \u00e4ven se vem som sitter med i utskottet, ifall man vill vara i direkt kontakt med n\u00e5gon medlem.<\/p>\n\n\n\n<h4>Vi har en superid\u00e9! Hur f\u00e5r vi ett projektstipendium?<\/h4>\n\n\n\n<p>B\u00f6rja med att vara i kontakt med AUts f\u00f6r att diskutera igenom projektet. AUts vill underst\u00f6da s\u00e5 m\u00e5nga projekt som m\u00f6jligt och genom att vara i kontakt med Auts f\u00f6re ni skickar in er ans\u00f6kan \u00f6kar ni avsev\u00e4rt m\u00f6jligheterna att uppfylla kraven p\u00e5 en lyckad projektans\u00f6kan.<\/p>\n\n\n\n<h4>Hur ser en projektans\u00f6kan ut?<\/h4>\n\n\n\n<p>En projektans\u00f6kan skall inneh\u00e5lla en beskrivning av projektet, tidtabell och budget samt motiveringar f\u00f6r den ans\u00f6kta summan.<\/p>\n\n\n\n<p>AUts ser p\u00e5 ett projekt som en helhet och blir mest taggade \u00f6ver nya, fr\u00e4sha id\u00e9er som gagnar s\u00e5 m\u00e5nga nationsmedlemmar som m\u00f6jligt. D\u00e5 ni skriver en projektans\u00f6kan \u00e4r det bra att komma ih\u00e5g att AUts best\u00e5r till majoriteten av St\u00c4lM:ar, vilket betyder att det kan vara bra att ge en helt\u00e4ckande bild av ert projekt och varifr\u00e5n id\u00e9n till projektet kommit. T\u00e4nk p\u00e5 helhetsvisionen och m\u00e5let med ert projekt.<\/p>\n\n\n\n<p>Var inte r\u00e4dda att skryta om er fantastiska id\u00e9 och vision, men kom ih\u00e5g att bygga upp en realistisk budget och tidtabell.<\/p>\n\n\n\n<h4>Hur stort stipendium kan vi s\u00f6ka?<\/h4>\n\n\n\n<p>AUts underst\u00f6der s\u00e5v\u00e4l minimalistiska som megalomaniska projekt. S\u00e5 l\u00e4nge det finns en rolig id\u00e9 med en bra plan \u00e4r ans\u00f6kta pengasummor enklare att motivera. Det \u00e4r alltid bra att komma ih\u00e5g ta h\u00e4nsyn till eventuella risker och talkomor\u00f6tter d\u00e5 man g\u00f6r upp sin budget. AUts brukar i allm\u00e4nhet ha som motto att &#8220;ans\u00f6k aldrig f\u00f6r lite&#8221;.<\/p>\n\n\n\n<h4>Hur snabbt tar AUts beslut?<\/h4>\n\n\n\n<p>AUts behandlar en ans\u00f6kan inom en m\u00e5nad fr\u00e5n att ans\u00f6kan anl\u00e4nt. Om AUts anser att mer information beh\u00f6vs f\u00f6r att ett beslut skall kunna tas kan \u00e4rendet bordl\u00e4ggas och till\u00e4ggsinformation beg\u00e4ras av projektgruppen. Projektgruppen kan \u00e4ven inbjudas att presentera och diskutera sina id\u00e9er p\u00e5 ett AUts-m\u00f6te, antingen f\u00f6re eller efter att ans\u00f6kan skickats in.<\/p>\n\n\n\n<h4>Vi fick ett stipendium! Vad g\u00f6r vi nu?<\/h4>\n\n\n\n<p>Dags att k\u00f6ra ig\u00e5ng med projektet! Stipendiet anv\u00e4nder ni genom att l\u00e4mna in kvitton f\u00f6r projektkostnader hos kansliet. med uppm\u00e4rksamhet p\u00e5 eventuella krav fr\u00e5n AUts sida p\u00e5 exakt vad stipendiet f\u00e5r anv\u00e4ndas till. AUts-stipendier delas aldrig ut som en klumpsumma pengar, utan alla kostnader g\u00e5r genom Teknologf\u00f6reningens bokf\u00f6ring.<\/p>\n\n\n\n<p>Kom ih\u00e5g att anv\u00e4nda #tfauts i alla sociala medier d\u00e5 ert projekt n\u00e4mns. Ifall n\u00e5gonting trycks, l\u00e4ggs ut p\u00e5 n\u00e4tet eller plaketter etsas, skall AUts logo synas med som sponsor f\u00f6r projektet. AUts grafikpaket hittar du <a href=\"https:\/\/auts.teknologforeningen.fi\/?page_id=102\">h\u00e4r<\/a>.<\/p>\n\n\n\n<p>Under projektets g\u00e5ng kan ni n\u00e4r som helst fr\u00e5ga om kommentarer eller r\u00e5d av AUts. Ifall det kommer \u00f6verraskande \u00e4ndringar i projektet, b\u00f6r detta diskuteras igenom med AUts. <\/p>\n\n\n\n<p>Efter att projektet \u00e4r avklarat, skall en <a href=\"https:\/\/auts.teknologforeningen.fi\/?page_id=106\">slutrapport<\/a> l\u00e4mnas in f\u00f6re utsatt deadline.<\/p>\n\n\n\n<p>Projektstipendiet tilldelas projektgruppen (de som ans\u00f6ker) och vid fall av missbruk \u00e5terkr\u00e4vs de missbrukade medlen av projektgruppen. Projektet b\u00f6r slutf\u00f6ras av projektgruppen som ans\u00f6kte om stipendiet, och inte ges \u00f6ver till en ny grupp m\u00e4nniskor.<\/p>\n\n\n\n<h4>Hur ser en slutrapport ut?<\/h4>\n\n\n\n<p>Slutrapporten skall inneh\u00e5lla projektets beskrivning, en ekonomisk uppf\u00f6ljning med resultat j\u00e4mf\u00f6rt med det budgeterade, samt en beskrivning om vad man uppn\u00e5dde f\u00f6r m\u00e5l under projektets g\u00e5ng. Slutrapporten kommer att l\u00e4ggas in p\u00e5 hemsidan, s\u00e5 att f\u00f6reningens medlemmar kan se <a href=\"https:\/\/auts.teknologforeningen.fi\/?page_id=21\">tidigare underst\u00f6dda projekt<\/a>. D\u00e4rmed skall slutrapporten f\u00f6lja det givna <a href=\"https:\/\/auts.teknologforeningen.fi\/?page_id=106\">bottnet<\/a>. Allt grafiskt material \u00e4r ett bra st\u00f6d till slutrapporten. AUts kan \u00e4ven ha best\u00e4mt i sitt utdelningsbeslut om till\u00e4ggsmaterial som skall l\u00e4mnas in i samband med slutrapporten. L\u00e4s mer om slutrapporten <a href=\"https:\/\/auts.teknologforeningen.fi\/?page_id=106\">h\u00e4r<\/a>.<\/p>\n\n\n\n<h4>Varf\u00f6r fick v\u00e5rt projekt inte underst\u00f6d?<\/h4>\n\n\n\n<p>Svaret hittar du inte direkt h\u00e4r. Ta kontakt med AUts, f\u00f6r att diskutera vidare vad som g\u00e5tt snett. AUts vill underst\u00f6da s\u00e5 m\u00e5nga projekt som m\u00f6jligt, men ifall projektet g\u00e5r mot utdelningsprinciperna har AUts inte m\u00f6jlighet att dela ut ett stipendium till just ert projekt. <\/p>\n\n\n\n<p>Kom ih\u00e5g att det finns flera andra instanser man kan s\u00f6ka pengar ifr\u00e5n f\u00f6r olika projekt. AUts kan d\u00e5 st\u00e5 till tj\u00e4nst genom att ge kommentarer p\u00e5 er stipendieans\u00f6kan och p\u00e5 er projektplan. Kolla in andra finlandssvenska fonder p\u00e5 <a href=\"http:\/\/www.fyrk.fi\">Fyrk.<\/a> \u00c4ven Teknologf\u00f6reningens styrelse, studentk\u00e5ren och skolan kan vara m\u00f6jliga finansi\u00e4rer eller varf\u00f6r inte fundera om det finns f\u00f6retag som skulle kunna t\u00e4nka sig sponsorera ert projekt. Viktigast \u00e4r att hitta en finansi\u00e4r som vill underst\u00f6da just ert projekt.<\/p>\n","protected":false},"excerpt":{"rendered":"<p>Vad \u00e4r ett AUts-projektstipendium? Projektstipendier utdelas av AUts till olika projektgrupper f\u00f6r att m\u00f6jligg\u00f6ra utf\u00f6randet av ett projekt. Hurdana projekt underst\u00f6der AUts? AUts fastst\u00e4ller varje \u00e5r sina utdelningsprinciper, som utskottet sedan anv\u00e4nder f\u00f6r att kunna evaluera huruvida ett projekt kan f\u00e5 ett projektstipendium eller inte. I korthet bygger utdelningsprinciperna p\u00e5[&#8230;]<\/p>\n","protected":false},"author":1,"featured_media":0,"parent":0,"menu_order":0,"comment_status":"closed","ping_status":"closed","template":"","meta":[],"_links":{"self":[{"href":"https:\/\/auts.teknologforeningen.fi\/index.php?rest_route=\/wp\/v2\/pages\/39"}],"collection":[{"href":"https:\/\/auts.teknologforeningen.fi\/index.php?rest_route=\/wp\/v2\/pages"}],"about":[{"href":"https:\/\/auts.teknologforeningen.fi\/index.php?rest_route=\/wp\/v2\/types\/page"}],"author":[{"embeddable":true,"href":"https:\/\/auts.teknologforeningen.fi\/index.php?rest_route=\/wp\/v2\/users\/1"}],"replies":[{"embeddable":true,"href":"https:\/\/auts.teknologforeningen.fi\/index.php?rest_route=%2Fwp%2Fv2%2Fcomments&post=39"}],"version-history":[{"count":15,"href":"https:\/\/auts.teknologforeningen.fi\/index.php?rest_route=\/wp\/v2\/pages\/39\/revisions"}],"predecessor-version":[{"id":408,"href":"https:\/\/auts.teknologforeningen.fi\/index.php?rest_route=\/wp\/v2\/pages\/39\/revisions\/408"}],"wp:attachment":[{"href":"https:\/\/auts.teknologforeningen.fi\/index.php?rest_route=%2Fwp%2Fv2%2Fmedia&parent=39"}],"curies":[{"name":"wp","href":"https:\/\/api.w.org\/{rel}","templated":true}]}}