{"id":177,"date":"2019-11-07T22:04:05","date_gmt":"2019-11-07T21:04:05","guid":{"rendered":"https:\/\/auts.teknologforeningen.fi\/?page_id=177"},"modified":"2019-11-07T22:04:05","modified_gmt":"2019-11-07T21:04:05","slug":"quiz-time","status":"publish","type":"page","link":"https:\/\/auts.teknologforeningen.fi\/?page_id=177","title":{"rendered":"Quiz time!"},"content":{"rendered":"<script>\n                            if (window.qmn_quiz_data === undefined) {\n                                    window.qmn_quiz_data = new Object();\n                            }\n                    <\/script><script>window.qmn_quiz_data[\"1\"] = {\"quiz_id\":\"1\",\"quiz_name\":\"Har jag ett fantastiskt Auts-projekt?\",\"disable_answer\":\"0\",\"ajax_show_correct\":\"0\",\"progress_bar\":\"1\",\"contact_info_location\":\"1\",\"qpages\":[],\"skip_validation_time_expire\":1,\"timer_limit_val\":0,\"disable_scroll_next_previous_click\":0,\"disable_first_page\":0,\"enable_result_after_timer_end\":\"0\",\"enable_quick_result_mc\":\"0\",\"end_quiz_if_wrong\":0,\"form_disable_autofill\":0,\"disable_mathjax\":0,\"enable_quick_correct_answer_info\":0,\"quick_result_correct_answer_text\":\"Correct! You have selected correct answer.\",\"quick_result_wrong_answer_text\":\"Wrong! You have selected wrong answer.\",\"quiz_processing_message\":\"\",\"quiz_limit_choice\":\"Limit of choice is reached.\",\"not_allow_after_expired_time\":0,\"scheduled_time_end\":false,\"pagination\":{\"amount\":1,\"section_comments\":\"1\",\"total_questions\":4,\"previous_text\":\"F\\u00f6reg\\u00e5ende\",\"next_text\":\"N\\u00e4sta\",\"start_quiz_survey_text\":\"N\\u00e4sta\",\"submit_quiz_text\":\"Skicka\"},\"error_messages\":{\"email_error_text\":\"Not a valid e-mail address!\",\"number_error_text\":\"This field must be a number!\",\"incorrect_error_text\":\"The entered text is not correct!\",\"empty_error_text\":\"Please complete all required fields!\",\"url_error_text\":\"The entered URL is not valid!\",\"minlength_error_text\":\"Required atleast %minlength% characters.\",\"maxlength_error_text\":\"Maximum %maxlength% characters allowed.\",\"recaptcha_error_text\":\"ReCaptcha is missing\"},\"question_list\":{\"1\":{\"question_id\":\"1\",\"quiz_id\":\"1\",\"question_name\":\"\\u00c4r mitt projekt siisti och inspirerande?\",\"answer_array\":\"a:3:{i:0;a:3:{i:0;s:64:\\\"Joo! Alla har sagt att &quot;Det d\\u00e4r borde man nog g\\u00f6ra!&quot;\\\";i:1;d:100;i:2;i:0;}i:1;a:3:{i:0;s:41:\\\"Joo, jag tror det skulle vara j\\u00e4tte kul!\\\";i:1;d:70;i:2;i:0;}i:2;a:3:{i:0;s:75:\\\"Int egentligen. Jag t\\u00e4nkt g\\u00f6ra som man alltid g\\u00f6r. Det var b\\u00e4ttre f\\u00f6rr\\\";i:1;d:0;i:2;i:0;}}\",\"answer_one\":\"\",\"answer_one_points\":\"0\",\"answer_two\":\"\",\"answer_two_points\":\"0\",\"answer_three\":\"\",\"answer_three_points\":\"0\",\"answer_four\":\"\",\"answer_four_points\":\"0\",\"answer_five\":\"\",\"answer_five_points\":\"0\",\"answer_six\":\"\",\"answer_six_points\":\"0\",\"correct_answer\":\"0\",\"question_answer_info\":\"\",\"comments\":\"1\",\"hints\":\"\",\"question_order\":\"1\",\"question_type\":\"0\",\"question_type_new\":\"0\",\"question_settings\":\"a:5:{s:8:\\\"required\\\";s:1:\\\"1\\\";s:12:\\\"answerEditor\\\";s:4:\\\"text\\\";s:8:\\\"autofill\\\";s:1:\\\"0\\\";s:10:\\\"limit_text\\\";s:1:\\\"0\\\";s:23:\\\"limit_multiple_response\\\";s:1:\\\"0\\\";}\",\"category\":\"\",\"deleted\":\"0\",\"deleted_question_bank\":\"0\",\"answers\":[[\"Joo! Alla har sagt att &quot;Det d\\u00e4r borde man nog g\\u00f6ra!&quot;\",100,0],[\"Joo, jag tror det skulle vara j\\u00e4tte kul!\",70,0],[\"Int egentligen. Jag t\\u00e4nkt g\\u00f6ra som man alltid g\\u00f6r. Det var b\\u00e4ttre f\\u00f6rr\",0,0]]},\"2\":{\"question_id\":\"2\",\"quiz_id\":\"1\",\"question_name\":\"Kommer projektet att gl\\u00e4dja och inverka p\\u00e5 m\\u00e5nga m\\u00e4nskor?\",\"answer_array\":\"a:3:{i:0;a:3:{i:0;s:65:\\\"Allts\\u00e5 sjukt m\\u00e5nga! Inte bara TF:s medlemmar utan massor andra!\\\";i:1;d:100;i:2;i:0;}i:1;a:3:{i:0;s:29:\\\"Joo! M\\u00e5nga av TF:s medlemmar\\\";i:1;d:70;i:2;i:0;}i:2;a:3:{i:0;s:89:\\\"Joo. Mig och min l\\u00e5tsaskompis Bellman. Vi vill inte ha n\\u00e5gra andra med i v\\u00e5rt projekt.\\\";i:1;d:0;i:2;i:0;}}\",\"answer_one\":\"\",\"answer_one_points\":\"0\",\"answer_two\":\"\",\"answer_two_points\":\"0\",\"answer_three\":\"\",\"answer_three_points\":\"0\",\"answer_four\":\"\",\"answer_four_points\":\"0\",\"answer_five\":\"\",\"answer_five_points\":\"0\",\"answer_six\":\"\",\"answer_six_points\":\"0\",\"correct_answer\":\"0\",\"question_answer_info\":\"\",\"comments\":\"1\",\"hints\":\"\",\"question_order\":\"1\",\"question_type\":\"0\",\"question_type_new\":\"0\",\"question_settings\":\"a:5:{s:8:\\\"required\\\";s:1:\\\"1\\\";s:12:\\\"answerEditor\\\";s:4:\\\"text\\\";s:8:\\\"autofill\\\";s:1:\\\"0\\\";s:10:\\\"limit_text\\\";s:1:\\\"0\\\";s:23:\\\"limit_multiple_response\\\";s:1:\\\"0\\\";}\",\"category\":\"\",\"deleted\":\"0\",\"deleted_question_bank\":\"0\",\"answers\":[[\"Allts\\u00e5 sjukt m\\u00e5nga! Inte bara TF:s medlemmar utan massor andra!\",100,0],[\"Joo! M\\u00e5nga av TF:s medlemmar\",70,0],[\"Joo. Mig och min l\\u00e5tsaskompis Bellman. Vi vill inte ha n\\u00e5gra andra med i v\\u00e5rt projekt.\",0,0]]},\"3\":{\"question_id\":\"3\",\"quiz_id\":\"1\",\"question_name\":\"\\u00c4r projektet n\\u00e5gonting som n\\u00e5n p\\u00e5 TF egentligen har som nakki att fixa dvs skulle kunna tolkas som ordinarie verksamhet?\",\"answer_array\":\"a:3:{i:0;a:3:{i:0;s:56:\\\"Nej, det h\\u00e4r \\u00e4r en helt ny grej som vi har hittat p\\u00e5!\\\";i:1;d:100;i:2;i:0;}i:1;a:3:{i:0;s:67:\\\"V\\u00e5r kommitt\\u00e9 har hittat p\\u00e5 en ny grej som vi skulle vilja testa!\\\";i:1;d:50;i:2;i:0;}i:2;a:3:{i:0;s:73:\\\"Vi t\\u00e4nkt ordna Julphesten som vanligt, men pengarna tog slut f\\u00f6r \\u00e5ret.\\\";i:1;d:0;i:2;i:0;}}\",\"answer_one\":\"\",\"answer_one_points\":\"0\",\"answer_two\":\"\",\"answer_two_points\":\"0\",\"answer_three\":\"\",\"answer_three_points\":\"0\",\"answer_four\":\"\",\"answer_four_points\":\"0\",\"answer_five\":\"\",\"answer_five_points\":\"0\",\"answer_six\":\"\",\"answer_six_points\":\"0\",\"correct_answer\":\"0\",\"question_answer_info\":\"\",\"comments\":\"1\",\"hints\":\"\",\"question_order\":\"1\",\"question_type\":\"0\",\"question_type_new\":\"0\",\"question_settings\":\"a:5:{s:8:\\\"required\\\";s:1:\\\"1\\\";s:12:\\\"answerEditor\\\";s:4:\\\"text\\\";s:8:\\\"autofill\\\";s:1:\\\"0\\\";s:10:\\\"limit_text\\\";s:1:\\\"0\\\";s:23:\\\"limit_multiple_response\\\";s:1:\\\"0\\\";}\",\"category\":\"\",\"deleted\":\"0\",\"deleted_question_bank\":\"0\",\"answers\":[[\"Nej, det h\\u00e4r \\u00e4r en helt ny grej som vi har hittat p\\u00e5!\",100,0],[\"V\\u00e5r kommitt\\u00e9 har hittat p\\u00e5 en ny grej som vi skulle vilja testa!\",50,0],[\"Vi t\\u00e4nkt ordna Julphesten som vanligt, men pengarna tog slut f\\u00f6r \\u00e5ret.\",0,0]]},\"4\":{\"question_id\":\"4\",\"quiz_id\":\"1\",\"question_name\":\"Har ni en projektplan med budget och tidtabell?\",\"answer_array\":\"a:3:{i:0;a:3:{i:0;s:119:\\\"Joo! Med j\\u00e4tte s\\u00e4ljande visioner om hur saker kommer att bli b\\u00e4ttre och bra motiveringar! You&#039;re gonna love it!\\\";i:1;d:100;i:2;i:0;}i:1;a:3:{i:0;s:92:\\\"Vi har det p\\u00e5 g\\u00e5ng och har ganska bra id\\u00e9er, men det skulle vara sk\\u00f6nt med input av Auts\\\";i:1;d:80;i:2;i:0;}i:2;a:3:{i:0;s:80:\\\"Int beh\\u00f6ver jag n\\u00e5got s\\u00e5nt int. Det fixar sig nog. Jag har gjort saker f\\u00f6rr.\\\";i:1;d:0;i:2;i:0;}}\",\"answer_one\":\"\",\"answer_one_points\":\"0\",\"answer_two\":\"\",\"answer_two_points\":\"0\",\"answer_three\":\"\",\"answer_three_points\":\"0\",\"answer_four\":\"\",\"answer_four_points\":\"0\",\"answer_five\":\"\",\"answer_five_points\":\"0\",\"answer_six\":\"\",\"answer_six_points\":\"0\",\"correct_answer\":\"0\",\"question_answer_info\":\"\",\"comments\":\"1\",\"hints\":\"\",\"question_order\":\"1\",\"question_type\":\"0\",\"question_type_new\":\"0\",\"question_settings\":\"a:5:{s:8:\\\"required\\\";s:1:\\\"1\\\";s:12:\\\"answerEditor\\\";s:4:\\\"text\\\";s:8:\\\"autofill\\\";s:1:\\\"0\\\";s:10:\\\"limit_text\\\";s:1:\\\"0\\\";s:23:\\\"limit_multiple_response\\\";s:1:\\\"0\\\";}\",\"category\":\"\",\"deleted\":\"0\",\"deleted_question_bank\":\"0\",\"answers\":[[\"Joo! Med j\\u00e4tte s\\u00e4ljande visioner om hur saker kommer att bli b\\u00e4ttre och bra motiveringar! You&#039;re gonna love it!\",100,0],[\"Vi har det p\\u00e5 g\\u00e5ng och har ganska bra id\\u00e9er, men det skulle vara sk\\u00f6nt med input av Auts\",80,0],[\"Int beh\\u00f6ver jag n\\u00e5got s\\u00e5nt int. Det fixar sig nog. Jag har gjort saker f\\u00f6rr.\",0,0]]}},\"first_page\":true}\n                    <\/script><div class='qsm-quiz-container qsm-quiz-container-1 qmn_quiz_container mlw_qmn_quiz qsm_auto_pagination_enabled quiz_theme_default  '>\n\t\t\t\t\t<form name=\"quizForm1\" id=\"quizForm1\" action=\"\/index.php?rest_route=%2Fwp%2Fv2%2Fpages%2F177\" method=\"POST\" class=\"qsm-quiz-form qmn_quiz_form mlw_quiz_form\" novalidate enctype=\"multipart\/form-data\">\n\t\t\t\t<input type=\"hidden\" name=\"qsm_hidden_questions\" id=\"qsm_hidden_questions\" value=\"\">\n\t\t\t\t<input type=\"hidden\" name=\"qsm_nonce\" id=\"qsm_nonce_1\" value=\"4c11753d75\">\n\t\t\t\t<input type=\"hidden\" name=\"qsm_unique_key\" id=\"qsm_unique_key_1\" value=\"69ef65d0d97ed\">\n\t\t\t\t<div id=\"mlw_error_message\" class=\"qsm-error-message qmn_error_message_section\"><\/div>\n\t\t\t\t<span id=\"mlw_top_of_quiz\"><\/span>\n\t\t\t\t\t\t\t<div class=\"qsm-auto-page-row quiz_section quiz_begin \">\n\t\t\t\t\t\t\t\t<div class='mlw_qmn_message_before'>\n\t\t\t\t\t<h3><strong>Har jag ett fantastiskt Auts-projekt?<\/strong><\/h3>\n<p>Dags att se om ni har n\u00e5gonting Auts skulle tycka om!<\/p>\n\t\t\t\t<\/div>\n\t\t\t\t\t\t\t\t\t<\/div>\n\t\t\t\t\t\t\t\t<div class=\"qsm-auto-page-row qsm-question-page qsm-apc-1\" data-apid=\"1\" data-qpid=\"1\" style=\"display: none;\">\n\t\t\t\t\t\t\t\t<div class=\"quiz_section qsm-question-wrapper question-type-0  question-section-id-1 slide1 \">\n\t\t\t\t\t<div class='mlw_qmn_question ' >\n\t\t<p>\u00c4r mitt projekt siisti och inspirerande?<\/p>\n\t<\/div>\n\t\t<div class='qmn_radio_answers '>\n\t\t\t\t\t\t\t\t<div class=\"qmn_mc_answer_wrap  mrq_checkbox_class\" id=\"question1-1 \">\n\t\t\t\t\t\t\t\t\t\t\t<input type='radio' class='qmn_quiz_radio qmn-multiple-choice-input' name=\"question1\" id=\"question1_1\" value=\"0\" \/>\n\t\t\t\t\t<label class=\"qsm-input-label\" for=\"question1_1\">\n\t\t\t\t\tJoo! Alla har sagt att \"Det d\u00e4r borde man nog g\u00f6ra!\"\t\t\t\t\t<\/label>\n\t\t\t\t\t \t\t\t\t<\/div>\n\t\t\t\t\t\t\t\t\t\t\t<div class=\"qmn_mc_answer_wrap  mrq_checkbox_class\" id=\"question1-2 \">\n\t\t\t\t\t\t\t\t\t\t\t<input type='radio' class='qmn_quiz_radio qmn-multiple-choice-input' name=\"question1\" id=\"question1_2\" value=\"1\" \/>\n\t\t\t\t\t<label class=\"qsm-input-label\" for=\"question1_2\">\n\t\t\t\t\tJoo, jag tror det skulle vara j\u00e4tte kul!\t\t\t\t\t<\/label>\n\t\t\t\t\t \t\t\t\t<\/div>\n\t\t\t\t\t\t\t\t\t\t\t<div class=\"qmn_mc_answer_wrap  mrq_checkbox_class\" id=\"question1-3 \">\n\t\t\t\t\t\t\t\t\t\t\t<input type='radio' class='qmn_quiz_radio qmn-multiple-choice-input' name=\"question1\" id=\"question1_3\" value=\"2\" \/>\n\t\t\t\t\t<label class=\"qsm-input-label\" for=\"question1_3\">\n\t\t\t\t\tInt egentligen. Jag t\u00e4nkt g\u00f6ra som man alltid g\u00f6r. Det var b\u00e4ttre f\u00f6rr\t\t\t\t\t<\/label>\n\t\t\t\t\t \t\t\t\t<\/div>\n\t\t\t\t\t\t\t\t<input type=\"radio\" style=\"display: none;\" name=\"question1\" id=\"question1_none\" checked=\"checked\" value=\"\" \/>\n\t\t\t\t<\/div>\n\t\t\t\t<\/div><!-- .quiz_section -->\n\t\t\t\t\t\t\t\t<\/div><!-- .qsm-auto-page-row -->\n\t\t\t\t\t\t\t\t\t\t<div class=\"qsm-auto-page-row qsm-question-page qsm-apc-2\" data-apid=\"2\" data-qpid=\"2\" style=\"display: none;\">\n\t\t\t\t\t\t\t\t<div class=\"quiz_section qsm-question-wrapper question-type-0  question-section-id-2 slide2 \">\n\t\t\t\t\t<div class='mlw_qmn_question ' >\n\t\t<p>Kommer projektet att gl\u00e4dja och inverka p\u00e5 m\u00e5nga m\u00e4nskor?<\/p>\n\t<\/div>\n\t\t<div class='qmn_radio_answers '>\n\t\t\t\t\t\t\t\t<div class=\"qmn_mc_answer_wrap  mrq_checkbox_class\" id=\"question2-1 \">\n\t\t\t\t\t\t\t\t\t\t\t<input type='radio' class='qmn_quiz_radio qmn-multiple-choice-input' name=\"question2\" id=\"question2_1\" value=\"0\" \/>\n\t\t\t\t\t<label class=\"qsm-input-label\" for=\"question2_1\">\n\t\t\t\t\tAllts\u00e5 sjukt m\u00e5nga! Inte bara TF:s medlemmar utan massor andra!\t\t\t\t\t<\/label>\n\t\t\t\t\t \t\t\t\t<\/div>\n\t\t\t\t\t\t\t\t\t\t\t<div class=\"qmn_mc_answer_wrap  mrq_checkbox_class\" id=\"question2-2 \">\n\t\t\t\t\t\t\t\t\t\t\t<input type='radio' class='qmn_quiz_radio qmn-multiple-choice-input' name=\"question2\" id=\"question2_2\" value=\"1\" \/>\n\t\t\t\t\t<label class=\"qsm-input-label\" for=\"question2_2\">\n\t\t\t\t\tJoo! M\u00e5nga av TF:s medlemmar\t\t\t\t\t<\/label>\n\t\t\t\t\t \t\t\t\t<\/div>\n\t\t\t\t\t\t\t\t\t\t\t<div class=\"qmn_mc_answer_wrap  mrq_checkbox_class\" id=\"question2-3 \">\n\t\t\t\t\t\t\t\t\t\t\t<input type='radio' class='qmn_quiz_radio qmn-multiple-choice-input' name=\"question2\" id=\"question2_3\" value=\"2\" \/>\n\t\t\t\t\t<label class=\"qsm-input-label\" for=\"question2_3\">\n\t\t\t\t\tJoo. Mig och min l\u00e5tsaskompis Bellman. Vi vill inte ha n\u00e5gra andra med i v\u00e5rt projekt.\t\t\t\t\t<\/label>\n\t\t\t\t\t \t\t\t\t<\/div>\n\t\t\t\t\t\t\t\t<input type=\"radio\" style=\"display: none;\" name=\"question2\" id=\"question2_none\" checked=\"checked\" value=\"\" \/>\n\t\t\t\t<\/div>\n\t\t\t\t<\/div><!-- .quiz_section -->\n\t\t\t\t\t\t\t\t<\/div><!-- .qsm-auto-page-row -->\n\t\t\t\t\t\t\t\t\t\t<div class=\"qsm-auto-page-row qsm-question-page qsm-apc-3\" data-apid=\"3\" data-qpid=\"3\" style=\"display: none;\">\n\t\t\t\t\t\t\t\t<div class=\"quiz_section qsm-question-wrapper question-type-0  question-section-id-3 slide3 \">\n\t\t\t\t\t<div class='mlw_qmn_question ' >\n\t\t<p>\u00c4r projektet n\u00e5gonting som n\u00e5n p\u00e5 TF egentligen har som nakki att fixa dvs skulle kunna tolkas som ordinarie verksamhet?<\/p>\n\t<\/div>\n\t\t<div class='qmn_radio_answers '>\n\t\t\t\t\t\t\t\t<div class=\"qmn_mc_answer_wrap  mrq_checkbox_class\" id=\"question3-1 \">\n\t\t\t\t\t\t\t\t\t\t\t<input type='radio' class='qmn_quiz_radio qmn-multiple-choice-input' name=\"question3\" id=\"question3_1\" value=\"0\" \/>\n\t\t\t\t\t<label class=\"qsm-input-label\" for=\"question3_1\">\n\t\t\t\t\tNej, det h\u00e4r \u00e4r en helt ny grej som vi har hittat p\u00e5!\t\t\t\t\t<\/label>\n\t\t\t\t\t \t\t\t\t<\/div>\n\t\t\t\t\t\t\t\t\t\t\t<div class=\"qmn_mc_answer_wrap  mrq_checkbox_class\" id=\"question3-2 \">\n\t\t\t\t\t\t\t\t\t\t\t<input type='radio' class='qmn_quiz_radio qmn-multiple-choice-input' name=\"question3\" id=\"question3_2\" value=\"1\" \/>\n\t\t\t\t\t<label class=\"qsm-input-label\" for=\"question3_2\">\n\t\t\t\t\tV\u00e5r kommitt\u00e9 har hittat p\u00e5 en ny grej som vi skulle vilja testa!\t\t\t\t\t<\/label>\n\t\t\t\t\t \t\t\t\t<\/div>\n\t\t\t\t\t\t\t\t\t\t\t<div class=\"qmn_mc_answer_wrap  mrq_checkbox_class\" id=\"question3-3 \">\n\t\t\t\t\t\t\t\t\t\t\t<input type='radio' class='qmn_quiz_radio qmn-multiple-choice-input' name=\"question3\" id=\"question3_3\" value=\"2\" \/>\n\t\t\t\t\t<label class=\"qsm-input-label\" for=\"question3_3\">\n\t\t\t\t\tVi t\u00e4nkt ordna Julphesten som vanligt, men pengarna tog slut f\u00f6r \u00e5ret.\t\t\t\t\t<\/label>\n\t\t\t\t\t \t\t\t\t<\/div>\n\t\t\t\t\t\t\t\t<input type=\"radio\" style=\"display: none;\" name=\"question3\" id=\"question3_none\" checked=\"checked\" value=\"\" \/>\n\t\t\t\t<\/div>\n\t\t\t\t<\/div><!-- .quiz_section -->\n\t\t\t\t\t\t\t\t<\/div><!-- .qsm-auto-page-row -->\n\t\t\t\t\t\t\t\t\t\t<div class=\"qsm-auto-page-row qsm-question-page qsm-apc-4\" data-apid=\"4\" data-qpid=\"4\" style=\"display: none;\">\n\t\t\t\t\t\t\t\t<div class=\"quiz_section qsm-question-wrapper question-type-0  question-section-id-4 slide4 \">\n\t\t\t\t\t<div class='mlw_qmn_question ' >\n\t\t<p>Har ni en projektplan med budget och tidtabell?<\/p>\n\t<\/div>\n\t\t<div class='qmn_radio_answers '>\n\t\t\t\t\t\t\t\t<div class=\"qmn_mc_answer_wrap  mrq_checkbox_class\" id=\"question4-1 \">\n\t\t\t\t\t\t\t\t\t\t\t<input type='radio' class='qmn_quiz_radio qmn-multiple-choice-input' name=\"question4\" id=\"question4_1\" value=\"0\" \/>\n\t\t\t\t\t<label class=\"qsm-input-label\" for=\"question4_1\">\n\t\t\t\t\tJoo! Med j\u00e4tte s\u00e4ljande visioner om hur saker kommer att bli b\u00e4ttre och bra motiveringar! You're gonna love it!\t\t\t\t\t<\/label>\n\t\t\t\t\t \t\t\t\t<\/div>\n\t\t\t\t\t\t\t\t\t\t\t<div class=\"qmn_mc_answer_wrap  mrq_checkbox_class\" id=\"question4-2 \">\n\t\t\t\t\t\t\t\t\t\t\t<input type='radio' class='qmn_quiz_radio qmn-multiple-choice-input' name=\"question4\" id=\"question4_2\" value=\"1\" \/>\n\t\t\t\t\t<label class=\"qsm-input-label\" for=\"question4_2\">\n\t\t\t\t\tVi har det p\u00e5 g\u00e5ng och har ganska bra id\u00e9er, men det skulle vara sk\u00f6nt med input av Auts\t\t\t\t\t<\/label>\n\t\t\t\t\t \t\t\t\t<\/div>\n\t\t\t\t\t\t\t\t\t\t\t<div class=\"qmn_mc_answer_wrap  mrq_checkbox_class\" id=\"question4-3 \">\n\t\t\t\t\t\t\t\t\t\t\t<input type='radio' class='qmn_quiz_radio qmn-multiple-choice-input' name=\"question4\" id=\"question4_3\" value=\"2\" \/>\n\t\t\t\t\t<label class=\"qsm-input-label\" for=\"question4_3\">\n\t\t\t\t\tInt beh\u00f6ver jag n\u00e5got s\u00e5nt int. Det fixar sig nog. Jag har gjort saker f\u00f6rr.\t\t\t\t\t<\/label>\n\t\t\t\t\t \t\t\t\t<\/div>\n\t\t\t\t\t\t\t\t<input type=\"radio\" style=\"display: none;\" name=\"question4\" id=\"question4_none\" checked=\"checked\" value=\"\" \/>\n\t\t\t\t<\/div>\n\t\t\t\t<\/div><!-- .quiz_section -->\n\t\t\t\t\t\t\t\t<\/div><!-- .qsm-auto-page-row -->\n\t\t\t\t\t\t\t<input type=\"hidden\" name=\"qmn_question_list\" value=\"1Q2Q3Q4Q\" \/>\n\t\t\t\t\t<br \/>\n\t\t\t<div class=\"qsm-auto-page-row quiz_section quiz_end qsm-d-none\">\n\t\t\t\t\t\t\t\t\t<span class='mlw_qmn_message_end'>\n\t\t\t\t\t<p>Ojojoj vad sp\u00e4nnande - hur gick det m\u00e5nne? Skicka in s\u00e5 f\u00e5r vi se!<\/p>\n\t\t\t\t\t<\/span>\n\t\t\t\t\t<br \/><br \/>\n\t\t\t\t\t\t\t\t\t\t\t\t<\/div>\n\t\t\t\t\t\t\t<div id=\"mlw_error_message_bottom\" class=\"qsm-error-message qmn_error_message_section\"><\/div>\n\t\t\t\t\t<input type=\"hidden\" name=\"qmn_all_questions_count\" id=\"qmn_all_questions_count\" value=\"4\" \/>\n\t\t\t\t\t<input type=\"hidden\" name=\"total_questions\" id=\"total_questions\" value=\"4\" \/>\n\t\t\t\t\t<input type=\"hidden\" name=\"timer\" id=\"timer\" value=\"0\" \/>\n\t\t\t\t\t<input type=\"hidden\" name=\"timer_ms\" id=\"timer_ms\" value=\"0\"\/>\n\t\t\t\t\t<input type=\"hidden\" class=\"qmn_quiz_id\" name=\"qmn_quiz_id\" id=\"qmn_quiz_id\" value=\"1\" \/>\n\t\t\t\t\t<input type='hidden' name='complete_quiz' value='confirmation' \/>\n\t\t\t\t\t\t\t\t\t<\/form>\n\t\t<\/div>\n\t\t<div style=\"display: none;\" class=\"qsm-popup qsm-popup-slide\" id=\"modal-4\" aria-hidden=\"false\"><div class=\"qsm-popup__overlay\" tabindex=\"-1\" data-micromodal-close=\"\"><div class=\"qsm-popup__container qmn_quiz_container\" role=\"dialog\" aria-modal=\"true\"><div class=\"qsm-popup__content\"><img src=\"https:\/\/auts.teknologforeningen.fi\/wp-content\/plugins\/quiz-master-next\/assets\/clock.png\" alt=\"clock.png\"\/><p class=\"qsm-time-up-text\"> Time's up<\/p><\/div><footer class=\"qsm-popup__footer\"><button class=\"qsm-popup-secondary-button qmn_btn\" data-micromodal-close=\"\" aria-label=\"Close this dialog window\" onclick=\"location.reload();\">Avbryt<\/button><\/footer><\/div><\/div><\/div>\n","protected":false},"excerpt":{"rendered":"","protected":false},"author":1,"featured_media":0,"parent":0,"menu_order":0,"comment_status":"closed","ping_status":"closed","template":"","meta":[],"_links":{"self":[{"href":"https:\/\/auts.teknologforeningen.fi\/index.php?rest_route=\/wp\/v2\/pages\/177"}],"collection":[{"href":"https:\/\/auts.teknologforeningen.fi\/index.php?rest_route=\/wp\/v2\/pages"}],"about":[{"href":"https:\/\/auts.teknologforeningen.fi\/index.php?rest_route=\/wp\/v2\/types\/page"}],"author":[{"embeddable":true,"href":"https:\/\/auts.teknologforeningen.fi\/index.php?rest_route=\/wp\/v2\/users\/1"}],"replies":[{"embeddable":true,"href":"https:\/\/auts.teknologforeningen.fi\/index.php?rest_route=%2Fwp%2Fv2%2Fcomments&post=177"}],"version-history":[{"count":1,"href":"https:\/\/auts.teknologforeningen.fi\/index.php?rest_route=\/wp\/v2\/pages\/177\/revisions"}],"predecessor-version":[{"id":178,"href":"https:\/\/auts.teknologforeningen.fi\/index.php?rest_route=\/wp\/v2\/pages\/177\/revisions\/178"}],"wp:attachment":[{"href":"https:\/\/auts.teknologforeningen.fi\/index.php?rest_route=%2Fwp%2Fv2%2Fmedia&parent=177"}],"curies":[{"name":"wp","href":"https:\/\/api.w.org\/{rel}","templated":true}]}}