{"id":15,"date":"2019-03-02T00:09:19","date_gmt":"2019-03-01T23:09:19","guid":{"rendered":"https:\/\/auts.teknologforeningen.fi\/?page_id=15"},"modified":"2022-10-18T17:58:52","modified_gmt":"2022-10-18T14:58:52","slug":"auts","status":"publish","type":"page","link":"https:\/\/auts.teknologforeningen.fi\/?page_id=15","title":{"rendered":"Auts"},"content":{"rendered":"\n<h4>Vad \u00e4r Auts?<\/h4>\n\n\n\n<p>AUts, eller Stipendiekommitt\u00e9ns Arbetsutskott, finns till f\u00f6r att dela ut projektstipendier f\u00f6r roliga och nya id\u00e9er som gagnar Teknologf\u00f6reningens medlemmar. AUts best\u00e5r av 3-5 medlemmar, av vilka majoriteten \u00e4r st\u00e4ndiga \u00e4ldre medlemmar av nationen.<\/p>\n\n\n\n<p>AUts delar ut projektstipendier p\u00e5 ans\u00f6kningsbasis och ans\u00f6kningstiden \u00e4r fortl\u00f6pande. <\/p>\n\n\n\n<p>AUts fastst\u00e4ller varje \u00e5r sina utdelningsprinciper, som utskottet anv\u00e4nder f\u00f6r att kunna evaluera ifall ett projekt kan f\u00e5 ett projektstipendium. I korthet bygger utdelningsprinciperna p\u00e5 att:<\/p>\n\n\n\n<ul><li>projektet \u00e4r en eng\u00e5ngsf\u00f6reteelse och inte en del av l\u00f6pande verksamhet<\/li><li>projektet gagnar s\u00e5 m\u00e5nga som m\u00f6jligt \u2013 framf\u00f6rallt Teknologf\u00f6reningens medlemmar<\/li><li>projektid\u00e9n \u00e4r ny, innovativ och en god juttu<\/li><\/ul>\n\n\n\n<p>Har ni en lysande id\u00e9? Innan ni skickar in en ans\u00f6kan, l\u00e4s igenom de <a href=\"https:\/\/auts.teknologforeningen.fi\/?page_id=39\"><strong>vanligaste fr\u00e5gorna<\/strong><\/a> och s\u00f6k sedan ett projektstipendium!<\/p>\n\n\n\n<p><\/p>\n\n\n\n<p><\/p>\n","protected":false},"excerpt":{"rendered":"<p>Vad \u00e4r Auts? AUts, eller Stipendiekommitt\u00e9ns Arbetsutskott, finns till f\u00f6r att dela ut projektstipendier f\u00f6r roliga och nya id\u00e9er som gagnar Teknologf\u00f6reningens medlemmar. AUts best\u00e5r av 3-5 medlemmar, av vilka majoriteten \u00e4r st\u00e4ndiga \u00e4ldre medlemmar av nationen. AUts delar ut projektstipendier p\u00e5 ans\u00f6kningsbasis och ans\u00f6kningstiden \u00e4r fortl\u00f6pande. AUts fastst\u00e4ller varje[&#8230;]<\/p>\n","protected":false},"author":1,"featured_media":0,"parent":0,"menu_order":0,"comment_status":"closed","ping_status":"closed","template":"","meta":[],"_links":{"self":[{"href":"https:\/\/auts.teknologforeningen.fi\/index.php?rest_route=\/wp\/v2\/pages\/15"}],"collection":[{"href":"https:\/\/auts.teknologforeningen.fi\/index.php?rest_route=\/wp\/v2\/pages"}],"about":[{"href":"https:\/\/auts.teknologforeningen.fi\/index.php?rest_route=\/wp\/v2\/types\/page"}],"author":[{"embeddable":true,"href":"https:\/\/auts.teknologforeningen.fi\/index.php?rest_route=\/wp\/v2\/users\/1"}],"replies":[{"embeddable":true,"href":"https:\/\/auts.teknologforeningen.fi\/index.php?rest_route=%2Fwp%2Fv2%2Fcomments&post=15"}],"version-history":[{"count":13,"href":"https:\/\/auts.teknologforeningen.fi\/index.php?rest_route=\/wp\/v2\/pages\/15\/revisions"}],"predecessor-version":[{"id":410,"href":"https:\/\/auts.teknologforeningen.fi\/index.php?rest_route=\/wp\/v2\/pages\/15\/revisions\/410"}],"wp:attachment":[{"href":"https:\/\/auts.teknologforeningen.fi\/index.php?rest_route=%2Fwp%2Fv2%2Fmedia&parent=15"}],"curies":[{"name":"wp","href":"https:\/\/api.w.org\/{rel}","templated":true}]}}