{"id":106,"date":"2019-03-04T15:16:18","date_gmt":"2019-03-04T14:16:18","guid":{"rendered":"https:\/\/auts.teknologforeningen.fi\/?page_id=106"},"modified":"2022-10-18T18:02:52","modified_gmt":"2022-10-18T15:02:52","slug":"skicka-in-slutrapport","status":"publish","type":"page","link":"https:\/\/auts.teknologforeningen.fi\/?page_id=106","title":{"rendered":"Skicka in slutrapport"},"content":{"rendered":"\n<p>Slutrapporten f\u00f6r projektet st\u00f6der s\u00e5v\u00e4l projektgruppen som f\u00f6reningen. Projektgruppen f\u00e5r analysera vilka m\u00e5l man uppn\u00e5tt samt vilka sv\u00e5righeter man hade och vilka saker fungerade. F\u00f6rutom <strong>en slutrapport med text och bilder\/videon<\/strong>, skall projektgruppen l\u00e4mna in en <strong>resultatuppf\u00f6ljning<\/strong>. D\u00e5 AUts beviljat underst\u00f6d, s\u00e4rskilt f\u00f6r stora projekt, har man \u00e4ven kunnat l\u00e4gga in till\u00e4ggskrav &#8211; s\u00e5 som testamente eller plan f\u00f6r uppr\u00e4tth\u00e5llande av ny verksamhet &#8211; som \u00e4ven skall l\u00e4mnas in med slutrapporten.<\/p>\n\n\n\n<p>Slutrapporten l\u00e4ggs in i <a rel=\"noreferrer noopener\" href=\"https:\/\/auts.teknologforeningen.fi\/?page_id=21\" target=\"_blank\">Projektgalleriet<\/a> n\u00e4r rapporten blivit godk\u00e4nd, s\u00e5 att f\u00f6reningens medlemmar kan se och l\u00e4sa om tidigare underst\u00f6dda projekt. <strong>Slutrapporten skall d\u00e4rf\u00f6r g\u00f6ras enligt det givna bottnet nedan.<\/strong> Skicka in er slutrapport per mail till auts at tf.fi med bilagor. Kom ih\u00e5g att skicka bilder som bilagor och videon helst som Youtube-l\u00e4nkar insatta via Teknologf\u00f6reningens Youtube-konto!<\/p>\n\n\n\n<h4>Slutrapportbotten<\/h4>\n\n\n\n<p><strong>Projektnamn: <\/strong><em>Projektets arbetsnamn<\/em><br><strong>\u00c5r:<\/strong> <em>\u00c5ret d\u00e5 projektet genomf\u00f6rts<\/em><br><strong>Projektmedlemmar:<\/strong> <em>Namn p\u00e5 gruppen samt gruppmedlemmar<\/em><\/p>\n\n\n\n<p><strong>Bakgrund<\/strong><br><em>Ber\u00e4tta bakgrunden; visionen och varifr\u00e5n ni f\u00e5tt id\u00e9n till ert projekt. Vad var utg\u00e5ngspunkten? Vilka problem ville ni l\u00f6sa? H\u00e4r kan ni ha nytta av att l\u00e4sa er tidigare ans\u00f6kan.<\/em><\/p>\n\n\n\n<p><strong>Genomf\u00f6rande<\/strong><br><em>Ber\u00e4tta hur projektet genomf\u00f6rdes. Vem var inblandade? Vilka alla instanser finansierade projektet? Vad var sv\u00e5rt och vad var roligt? H\u00f6ll ni tidtabellen? Fanns det saker ni inte t\u00e4nkt p\u00e5? Kom ni p\u00e5 metoder som fungerade extra bra just i ert projekt (t.ex. marknadsf\u00f6ring, talkoarbete, finansiering&#8230;)<\/em><\/p>\n\n\n\n<p><strong>Slutresultat<\/strong><br><em>Ber\u00e4tta vilka m\u00e5l ni uppn\u00e5dde. Anv\u00e4nds ert projekt i f\u00f6reningens vardag eller blev det ett minne f\u00f6r livet hos medlemmar? Hurdan nytta fick f\u00f6reningen och andra av ert projekt? Hur kommer produkten\/l\u00e4rdomarna att synas hos f\u00f6reningen i framtiden? Finns det m\u00e4nskor ni skulle vilja tacka? Hurdan feedback har ni f\u00e5tt av andra? Finns det n\u00e5gonting man skulle kunna vidareutveckla?<\/em><\/p>\n\n\n\n<p><strong>T\u00e4nk p\u00e5 n\u00e4r ni skriver slutrapporten som kommer p\u00e5 hemsidan, att det \u00e4r en helhetspresentation av ert projekt. Ta till vara p\u00e5 att b\u00e5de aktiva medlemmar som st\u00e4lmar l\u00e4ser texterna. H\u00e4r har ni \u00e4ven en bra chans att tacka alla instanser och personer, som hj\u00e4lpt er under projektets g\u00e5ng!<\/strong><\/p>\n\n\n\n<p><\/p>\n","protected":false},"excerpt":{"rendered":"<p>Slutrapporten f\u00f6r projektet st\u00f6der s\u00e5v\u00e4l projektgruppen som f\u00f6reningen. Projektgruppen f\u00e5r analysera vilka m\u00e5l man uppn\u00e5tt samt vilka sv\u00e5righeter man hade och vilka saker fungerade. F\u00f6rutom en slutrapport med text och bilder\/videon, skall projektgruppen l\u00e4mna in en resultatuppf\u00f6ljning. D\u00e5 AUts beviljat underst\u00f6d, s\u00e4rskilt f\u00f6r stora projekt, har man \u00e4ven kunnat l\u00e4gga[&#8230;]<\/p>\n","protected":false},"author":1,"featured_media":0,"parent":0,"menu_order":0,"comment_status":"closed","ping_status":"closed","template":"","meta":[],"_links":{"self":[{"href":"https:\/\/auts.teknologforeningen.fi\/index.php?rest_route=\/wp\/v2\/pages\/106"}],"collection":[{"href":"https:\/\/auts.teknologforeningen.fi\/index.php?rest_route=\/wp\/v2\/pages"}],"about":[{"href":"https:\/\/auts.teknologforeningen.fi\/index.php?rest_route=\/wp\/v2\/types\/page"}],"author":[{"embeddable":true,"href":"https:\/\/auts.teknologforeningen.fi\/index.php?rest_route=\/wp\/v2\/users\/1"}],"replies":[{"embeddable":true,"href":"https:\/\/auts.teknologforeningen.fi\/index.php?rest_route=%2Fwp%2Fv2%2Fcomments&post=106"}],"version-history":[{"count":13,"href":"https:\/\/auts.teknologforeningen.fi\/index.php?rest_route=\/wp\/v2\/pages\/106\/revisions"}],"predecessor-version":[{"id":414,"href":"https:\/\/auts.teknologforeningen.fi\/index.php?rest_route=\/wp\/v2\/pages\/106\/revisions\/414"}],"wp:attachment":[{"href":"https:\/\/auts.teknologforeningen.fi\/index.php?rest_route=%2Fwp%2Fv2%2Fmedia&parent=106"}],"curies":[{"name":"wp","href":"https:\/\/api.w.org\/{rel}","templated":true}]}}