{"id":102,"date":"2019-03-04T15:13:58","date_gmt":"2019-03-04T14:13:58","guid":{"rendered":"https:\/\/auts.teknologforeningen.fi\/?page_id=102"},"modified":"2022-10-18T18:01:14","modified_gmt":"2022-10-18T15:01:14","slug":"grafikpaket","status":"publish","type":"page","link":"https:\/\/auts.teknologforeningen.fi\/?page_id=102","title":{"rendered":"Grafikpaket"},"content":{"rendered":"\n<p>Nedan hittar du olika AUts-logon samt grafikalternativ som kan anv\u00e4ndas vid sociala mediers inl\u00e4gg samt andra produkter under ert projekts g\u00e5ng.<\/p>\n\n\n\n<p>Kom ih\u00e5g att \u00e4ven anv\u00e4nda #tfauts vid inl\u00e4ggen, s\u00e5 vi h\u00e5ller AUts uppkopplat!<\/p>\n\n\n\n<p><\/p>\n\n\n\n<div class=\"wp-block-image\"><figure class=\"aligncenter is-resized\"><a href=\"https:\/\/auts.teknologforeningen.fi\/wp-content\/uploads\/2019\/03\/Auts.png\"><img src=\"https:\/\/auts.teknologforeningen.fi\/wp-content\/uploads\/2019\/03\/Auts.png\" alt=\"\" class=\"wp-image-115\" width=\"300\"\/><\/a><figcaption>Auts-logo Bild: Otto Kronstedt<\/figcaption><\/figure><\/div>\n\n\n\n<div class=\"wp-block-image\"><figure class=\"aligncenter is-resized\"><a href=\"https:\/\/auts.teknologforeningen.fi\/wp-content\/uploads\/2019\/03\/Auts_projekt_stampel.png\"><img loading=\"lazy\" src=\"https:\/\/auts.teknologforeningen.fi\/wp-content\/uploads\/2019\/03\/Auts_projekt_stampel.png\" alt=\"\" class=\"wp-image-117\" width=\"306\" height=\"579\"\/><\/a><figcaption>AUts-st\u00e4mpel f\u00f6r projekt. Bild: AUts-logo &#8211; Otto Kronstedt, st\u00e4mpel &#8211; Teresia Borgman<\/figcaption><\/figure><\/div>\n\n\n\n<div class=\"wp-block-image\"><figure class=\"aligncenter is-resized\"><a href=\"https:\/\/auts.teknologforeningen.fi\/wp-content\/uploads\/2019\/03\/Auts_evenemang_utan_spray.png\"><img loading=\"lazy\" src=\"https:\/\/auts.teknologforeningen.fi\/wp-content\/uploads\/2019\/03\/Auts_evenemang_utan_spray.png\" alt=\"\" class=\"wp-image-111\" width=\"400\" height=\"740\"\/><\/a><figcaption>AUts-st\u00e4mpel f\u00f6r evenemang. Bild: AUts-logo &#8211; Otto Kronstedt, st\u00e4mpel &#8211; Teresia Borgman<\/figcaption><\/figure><\/div>\n","protected":false},"excerpt":{"rendered":"<p>Nedan hittar du olika AUts-logon samt grafikalternativ som kan anv\u00e4ndas vid sociala mediers inl\u00e4gg samt andra produkter under ert projekts g\u00e5ng. Kom ih\u00e5g att \u00e4ven anv\u00e4nda #tfauts vid inl\u00e4ggen, s\u00e5 vi h\u00e5ller AUts uppkopplat!<\/p>\n","protected":false},"author":1,"featured_media":0,"parent":0,"menu_order":0,"comment_status":"closed","ping_status":"closed","template":"","meta":[],"_links":{"self":[{"href":"https:\/\/auts.teknologforeningen.fi\/index.php?rest_route=\/wp\/v2\/pages\/102"}],"collection":[{"href":"https:\/\/auts.teknologforeningen.fi\/index.php?rest_route=\/wp\/v2\/pages"}],"about":[{"href":"https:\/\/auts.teknologforeningen.fi\/index.php?rest_route=\/wp\/v2\/types\/page"}],"author":[{"embeddable":true,"href":"https:\/\/auts.teknologforeningen.fi\/index.php?rest_route=\/wp\/v2\/users\/1"}],"replies":[{"embeddable":true,"href":"https:\/\/auts.teknologforeningen.fi\/index.php?rest_route=%2Fwp%2Fv2%2Fcomments&post=102"}],"version-history":[{"count":12,"href":"https:\/\/auts.teknologforeningen.fi\/index.php?rest_route=\/wp\/v2\/pages\/102\/revisions"}],"predecessor-version":[{"id":412,"href":"https:\/\/auts.teknologforeningen.fi\/index.php?rest_route=\/wp\/v2\/pages\/102\/revisions\/412"}],"wp:attachment":[{"href":"https:\/\/auts.teknologforeningen.fi\/index.php?rest_route=%2Fwp%2Fv2%2Fmedia&parent=102"}],"curies":[{"name":"wp","href":"https:\/\/api.w.org\/{rel}","templated":true}]}}